{"id":1780,"date":"2020-09-03T15:33:16","date_gmt":"2020-09-03T15:33:16","guid":{"rendered":"https:\/\/erdbeerblau.ch\/medmassage-1\/?page_id=1780"},"modified":"2020-12-03T11:52:16","modified_gmt":"2020-12-03T11:52:16","slug":"ruecken-massage","status":"publish","type":"page","link":"https:\/\/medmassage.ch\/wpcms\/massagen\/ruecken-massage\/","title":{"rendered":"R\u00fccken- \/ Nackenmassage"},"content":{"rendered":"<div id=\"contenttextgrow\">\n<div class=\"item-page\">\n<h1 class=\"csc-firstHeader\">R\u00fccken- \/ Nackenmassage<\/h1>\n<p>M\u00f6glicherweise geh\u00f6ren Sie zu den Menschen, welche viele Stunden pro Tag vor dem Computer sitzen und unter einem verspannten R\u00fccken und Nacken leiden. Die gezielte Bearbeitung von R\u00fccken, Schultern und Nacken lockert Muskulatur, erfrischt das Gewebe und baut Stress ab.<\/p>\n<\/div>\n<\/div>\n","protected":false},"excerpt":{"rendered":"<p>R\u00fccken- \/ Nackenmassage M\u00f6glicherweise geh\u00f6ren Sie zu den Menschen, welche viele Stunden pro Tag vor dem Computer sitzen und unter einem verspannten R\u00fccken und Nacken leiden. Die gezielte Bearbeitung von R\u00fccken, Schultern und Nacken lockert Muskulatur, erfrischt das Gewebe und baut Stress ab.<\/p>\n","protected":false},"author":1,"featured_media":0,"parent":41,"menu_order":4,"comment_status":"closed","ping_status":"closed","template":"","meta":[],"yoast_head":"<!-- This site is optimized with the Yoast SEO plugin v16.2 - https:\/\/yoast.com\/wordpress\/plugins\/seo\/ -->\n<title>R\u00fccken- \/ Nackenmassage - medmassage.ch<\/title>\n<meta name=\"robots\" content=\"index, follow, max-snippet:-1, max-image-preview:large, max-video-preview:-1\" \/>\n<link rel=\"canonical\" href=\"https:\/\/medmassage.ch\/wpcms\/massagen\/ruecken-massage\/\" \/>\n<meta property=\"og:locale\" content=\"de_DE\" \/>\n<meta property=\"og:type\" content=\"article\" \/>\n<meta property=\"og:title\" content=\"R\u00fccken- \/ Nackenmassage - medmassage.ch\" \/>\n<meta property=\"og:description\" content=\"R\u00fccken- \/ Nackenmassage M\u00f6glicherweise geh\u00f6ren Sie zu den Menschen, welche viele Stunden pro Tag vor dem Computer sitzen und unter einem verspannten R\u00fccken und Nacken leiden. Die gezielte Bearbeitung von R\u00fccken, Schultern und Nacken lockert Muskulatur, erfrischt das Gewebe und baut Stress ab.\" \/>\n<meta property=\"og:url\" content=\"https:\/\/medmassage.ch\/wpcms\/massagen\/ruecken-massage\/\" \/>\n<meta property=\"og:site_name\" content=\"medmassage.ch\" \/>\n<meta property=\"article:modified_time\" content=\"2020-12-03T11:52:16+00:00\" \/>\n<meta name=\"twitter:card\" content=\"summary_large_image\" \/>\n<script type=\"application\/ld+json\" class=\"yoast-schema-graph\">{\"@context\":\"https:\/\/schema.org\",\"@graph\":[{\"@type\":\"WebSite\",\"@id\":\"https:\/\/medmassage.ch\/wpcms\/#website\",\"url\":\"https:\/\/medmassage.ch\/wpcms\/\",\"name\":\"medmassage.ch\",\"description\":\"Gesundheitspraxis Nicole David\",\"potentialAction\":[{\"@type\":\"SearchAction\",\"target\":\"https:\/\/medmassage.ch\/wpcms\/?s={search_term_string}\",\"query-input\":\"required name=search_term_string\"}],\"inLanguage\":\"de\"},{\"@type\":\"WebPage\",\"@id\":\"https:\/\/medmassage.ch\/wpcms\/massagen\/ruecken-massage\/#webpage\",\"url\":\"https:\/\/medmassage.ch\/wpcms\/massagen\/ruecken-massage\/\",\"name\":\"R\\u00fccken- \/ Nackenmassage - medmassage.ch\",\"isPartOf\":{\"@id\":\"https:\/\/medmassage.ch\/wpcms\/#website\"},\"datePublished\":\"2020-09-03T15:33:16+00:00\",\"dateModified\":\"2020-12-03T11:52:16+00:00\",\"breadcrumb\":{\"@id\":\"https:\/\/medmassage.ch\/wpcms\/massagen\/ruecken-massage\/#breadcrumb\"},\"inLanguage\":\"de\",\"potentialAction\":[{\"@type\":\"ReadAction\",\"target\":[\"https:\/\/medmassage.ch\/wpcms\/massagen\/ruecken-massage\/\"]}]},{\"@type\":\"BreadcrumbList\",\"@id\":\"https:\/\/medmassage.ch\/wpcms\/massagen\/ruecken-massage\/#breadcrumb\",\"itemListElement\":[{\"@type\":\"ListItem\",\"position\":1,\"item\":{\"@type\":\"WebPage\",\"@id\":\"https:\/\/medmassage.ch\/wpcms\/\",\"url\":\"https:\/\/medmassage.ch\/wpcms\/\",\"name\":\"Startseite\"}},{\"@type\":\"ListItem\",\"position\":2,\"item\":{\"@type\":\"WebPage\",\"@id\":\"https:\/\/medmassage.ch\/wpcms\/massagen\/\",\"url\":\"https:\/\/medmassage.ch\/wpcms\/massagen\/\",\"name\":\"Massagen\"}},{\"@type\":\"ListItem\",\"position\":3,\"item\":{\"@id\":\"https:\/\/medmassage.ch\/wpcms\/massagen\/ruecken-massage\/#webpage\"}}]}]}<\/script>\n<!-- \/ Yoast SEO plugin. -->","_links":{"self":[{"href":"https:\/\/medmassage.ch\/wpcms\/wp-json\/wp\/v2\/pages\/1780"}],"collection":[{"href":"https:\/\/medmassage.ch\/wpcms\/wp-json\/wp\/v2\/pages"}],"about":[{"href":"https:\/\/medmassage.ch\/wpcms\/wp-json\/wp\/v2\/types\/page"}],"author":[{"embeddable":true,"href":"https:\/\/medmassage.ch\/wpcms\/wp-json\/wp\/v2\/users\/1"}],"replies":[{"embeddable":true,"href":"https:\/\/medmassage.ch\/wpcms\/wp-json\/wp\/v2\/comments?post=1780"}],"version-history":[{"count":4,"href":"https:\/\/medmassage.ch\/wpcms\/wp-json\/wp\/v2\/pages\/1780\/revisions"}],"predecessor-version":[{"id":2068,"href":"https:\/\/medmassage.ch\/wpcms\/wp-json\/wp\/v2\/pages\/1780\/revisions\/2068"}],"up":[{"embeddable":true,"href":"https:\/\/medmassage.ch\/wpcms\/wp-json\/wp\/v2\/pages\/41"}],"wp:attachment":[{"href":"https:\/\/medmassage.ch\/wpcms\/wp-json\/wp\/v2\/media?parent=1780"}],"curies":[{"name":"wp","href":"https:\/\/api.w.org\/{rel}","templated":true}]}}