{"id":1784,"date":"2020-09-03T15:34:55","date_gmt":"2020-09-03T15:34:55","guid":{"rendered":"https:\/\/erdbeerblau.ch\/medmassage-1\/?page_id=1784"},"modified":"2020-11-24T15:07:39","modified_gmt":"2020-11-24T15:07:39","slug":"shiatsu","status":"publish","type":"page","link":"https:\/\/medmassage.ch\/wpcms\/massagen\/shiatsu\/","title":{"rendered":"Shiatsu"},"content":{"rendered":"<div id=\"contenttextgrow\">\n<div class=\"item-page\">\n<h1 class=\"csc-firstHeader\">Shiatsu<\/h1>\n<p>W\u00f6rtlich \u00fcbersetzt heisst Shiatsu Fingerdruckmassage (Shi = Finger, atsu = Druck). Shiatsu ist eine japanische Therapieform. Eine Shiatsubehandlung reguliert das Energiegleichgewicht, aktiviert Selbstheilungskr\u00e4fte und st\u00e4rkt so die Widerstandsf\u00e4higkeit des K\u00f6rpers.<\/p>\n<\/div>\n<\/div>\n","protected":false},"excerpt":{"rendered":"<p>Shiatsu W\u00f6rtlich \u00fcbersetzt heisst Shiatsu Fingerdruckmassage (Shi = Finger, atsu = Druck). Shiatsu ist eine japanische Therapieform. Eine Shiatsubehandlung reguliert das Energiegleichgewicht, aktiviert Selbstheilungskr\u00e4fte und st\u00e4rkt so die Widerstandsf\u00e4higkeit des K\u00f6rpers.<\/p>\n","protected":false},"author":1,"featured_media":0,"parent":41,"menu_order":4,"comment_status":"closed","ping_status":"closed","template":"","meta":[],"yoast_head":"<!-- This site is optimized with the Yoast SEO plugin v16.2 - https:\/\/yoast.com\/wordpress\/plugins\/seo\/ -->\n<title>Shiatsu - medmassage.ch<\/title>\n<meta name=\"robots\" content=\"index, follow, max-snippet:-1, max-image-preview:large, max-video-preview:-1\" \/>\n<link rel=\"canonical\" href=\"https:\/\/medmassage.ch\/wpcms\/massagen\/shiatsu\/\" \/>\n<meta property=\"og:locale\" content=\"de_DE\" \/>\n<meta property=\"og:type\" content=\"article\" \/>\n<meta property=\"og:title\" content=\"Shiatsu - medmassage.ch\" \/>\n<meta property=\"og:description\" content=\"Shiatsu W\u00f6rtlich \u00fcbersetzt heisst Shiatsu Fingerdruckmassage (Shi = Finger, atsu = Druck). Shiatsu ist eine japanische Therapieform. Eine Shiatsubehandlung reguliert das Energiegleichgewicht, aktiviert Selbstheilungskr\u00e4fte und st\u00e4rkt so die Widerstandsf\u00e4higkeit des K\u00f6rpers.\" \/>\n<meta property=\"og:url\" content=\"https:\/\/medmassage.ch\/wpcms\/massagen\/shiatsu\/\" \/>\n<meta property=\"og:site_name\" content=\"medmassage.ch\" \/>\n<meta property=\"article:modified_time\" content=\"2020-11-24T15:07:39+00:00\" \/>\n<meta name=\"twitter:card\" content=\"summary_large_image\" \/>\n<script type=\"application\/ld+json\" class=\"yoast-schema-graph\">{\"@context\":\"https:\/\/schema.org\",\"@graph\":[{\"@type\":\"WebSite\",\"@id\":\"https:\/\/medmassage.ch\/wpcms\/#website\",\"url\":\"https:\/\/medmassage.ch\/wpcms\/\",\"name\":\"medmassage.ch\",\"description\":\"Gesundheitspraxis Nicole David\",\"potentialAction\":[{\"@type\":\"SearchAction\",\"target\":\"https:\/\/medmassage.ch\/wpcms\/?s={search_term_string}\",\"query-input\":\"required name=search_term_string\"}],\"inLanguage\":\"de\"},{\"@type\":\"WebPage\",\"@id\":\"https:\/\/medmassage.ch\/wpcms\/massagen\/shiatsu\/#webpage\",\"url\":\"https:\/\/medmassage.ch\/wpcms\/massagen\/shiatsu\/\",\"name\":\"Shiatsu - medmassage.ch\",\"isPartOf\":{\"@id\":\"https:\/\/medmassage.ch\/wpcms\/#website\"},\"datePublished\":\"2020-09-03T15:34:55+00:00\",\"dateModified\":\"2020-11-24T15:07:39+00:00\",\"breadcrumb\":{\"@id\":\"https:\/\/medmassage.ch\/wpcms\/massagen\/shiatsu\/#breadcrumb\"},\"inLanguage\":\"de\",\"potentialAction\":[{\"@type\":\"ReadAction\",\"target\":[\"https:\/\/medmassage.ch\/wpcms\/massagen\/shiatsu\/\"]}]},{\"@type\":\"BreadcrumbList\",\"@id\":\"https:\/\/medmassage.ch\/wpcms\/massagen\/shiatsu\/#breadcrumb\",\"itemListElement\":[{\"@type\":\"ListItem\",\"position\":1,\"item\":{\"@type\":\"WebPage\",\"@id\":\"https:\/\/medmassage.ch\/wpcms\/\",\"url\":\"https:\/\/medmassage.ch\/wpcms\/\",\"name\":\"Startseite\"}},{\"@type\":\"ListItem\",\"position\":2,\"item\":{\"@type\":\"WebPage\",\"@id\":\"https:\/\/medmassage.ch\/wpcms\/massagen\/\",\"url\":\"https:\/\/medmassage.ch\/wpcms\/massagen\/\",\"name\":\"Massagen\"}},{\"@type\":\"ListItem\",\"position\":3,\"item\":{\"@id\":\"https:\/\/medmassage.ch\/wpcms\/massagen\/shiatsu\/#webpage\"}}]}]}<\/script>\n<!-- \/ Yoast SEO plugin. -->","_links":{"self":[{"href":"https:\/\/medmassage.ch\/wpcms\/wp-json\/wp\/v2\/pages\/1784"}],"collection":[{"href":"https:\/\/medmassage.ch\/wpcms\/wp-json\/wp\/v2\/pages"}],"about":[{"href":"https:\/\/medmassage.ch\/wpcms\/wp-json\/wp\/v2\/types\/page"}],"author":[{"embeddable":true,"href":"https:\/\/medmassage.ch\/wpcms\/wp-json\/wp\/v2\/users\/1"}],"replies":[{"embeddable":true,"href":"https:\/\/medmassage.ch\/wpcms\/wp-json\/wp\/v2\/comments?post=1784"}],"version-history":[{"count":4,"href":"https:\/\/medmassage.ch\/wpcms\/wp-json\/wp\/v2\/pages\/1784\/revisions"}],"predecessor-version":[{"id":2052,"href":"https:\/\/medmassage.ch\/wpcms\/wp-json\/wp\/v2\/pages\/1784\/revisions\/2052"}],"up":[{"embeddable":true,"href":"https:\/\/medmassage.ch\/wpcms\/wp-json\/wp\/v2\/pages\/41"}],"wp:attachment":[{"href":"https:\/\/medmassage.ch\/wpcms\/wp-json\/wp\/v2\/media?parent=1784"}],"curies":[{"name":"wp","href":"https:\/\/api.w.org\/{rel}","templated":true}]}}