{"id":1820,"date":"2020-09-04T12:52:46","date_gmt":"2020-09-04T12:52:46","guid":{"rendered":"https:\/\/erdbeerblau.ch\/medmassage-1\/?page_id=1820"},"modified":"2020-11-12T12:30:40","modified_gmt":"2020-11-12T12:30:40","slug":"datenschutz","status":"publish","type":"page","link":"https:\/\/medmassage.ch\/wpcms\/agb\/datenschutz\/","title":{"rendered":"Datenschutz"},"content":{"rendered":"\n<p><strong>1. Information \u00fcber die Erhebung personenbezogener Daten und Kontaktdaten des Verantwortlichen<\/strong><\/p>\n\n\n\n<p>1.1 Ich freue mich, dass Sie meine Webseite besuchen und bedanken mich f\u00fcr Ihr Interesse. Im Folgenden informieren ich Sie \u00fcber den Umgang mit Ihren personenbezogenen Daten bei Nutzung unserer Webseite. Personenbezogene Daten sind hierbei alle Daten, mit denen Sie pers\u00f6nlich identifiziert werden k\u00f6nnen.<\/p>\n\n\n\n<p>1.2 Verantwortlicher f\u00fcr die Datenverarbeitung auf dieser Webseite im Sinne der Datenschutz-Grundverordnung (DSGVO) ist:<\/p>\n\n\n\n<p>Name: Gesundheitspraxis Nicole David<\/p>\n\n\n\n<p>Adresse: <strong>Chrischonaweg 3<\/strong>, <strong>5703 Seon<\/strong><\/p>\n\n\n\n<p>Telefonnummer: <strong>062 775 33 09<\/strong><\/p>\n\n\n\n<p>Der f\u00fcr die Verarbeitung von personenbezogenen Daten Verantwortliche ist diejenige nat\u00fcrliche oder juristische Person, die allein oder gemeinsam mit anderen \u00fcber die Zwecke und Mittel der Verarbeitung von personenbezogenen Daten entscheidet.<\/p>\n\n\n\n<p>1.3 Diese Webseite nutzt aus Sicherheitsgr\u00fcnden und zum Schutz der \u00dcbertragung personenbezogene Daten und anderer vertraulicher Inhalte (z.B. Bestellungen oder Anfragen an den Verantwortlichen) eine SSL-bzw. TLS-Verschl\u00fcsselung. Sie k\u00f6nnen eine verschl\u00fcsselte Verbindung an der Zeichenfolge \u201ehttps:\/\/\u201c und dem Schloss-Symbol in Ihrer Browserzeile erkennen.<\/p>\n\n\n\n<p><strong>2. Datenerfassung beim Besuch unserer Webseite<\/strong><\/p>\n\n\n\n<p>Bei der informatorischen Nutzung unserer Webseite, werden nur Daten, die Ihr Browser an unseren Server \u00fcbermittelt (sog. \u201eServer-Logfiles\u201c) \u00fcbermittelt. Wenn Sie die Webseite aufrufen, werden die folgenden Daten aufgezeichner, welche technisch erforderlich sind :<\/p>\n\n\n\n<ul><li>Unsere besuchte Webseite<\/li><li>Datum und Uhrzeit zum Zeitpunkt des Zugriffes<\/li><li>Menge der gesendeten Daten in Byte<\/li><li>Quelle\/Verweis, von welchem Sie auf die Seite gelangten<\/li><li>Verwendeter Browser<\/li><li>Verwendetes Betriebssystem<\/li><li>Verwendete IP-Adresse<\/li><\/ul>\n\n\n\n<p>Die Verarbeitung erfolgt gem\u00e4ss Art. 6 Abs. 1 lit. f DSGVO auf Basis unseres berechtigten Interesses an der Verbesserung der Stabilit\u00e4t und Funktionalit\u00e4t unserer Webseite. Eine Weitergabe oder anderweitige Verwendung der Daten findet nicht statt. Wir behalten uns allerdings vor, die Server-Logfiles nachtr\u00e4glich zu \u00fcberpr\u00fcfen, sollten konkrete Anhaltspunkte auf eine rechtswidrige Nutzung hinweisen.<\/p>\n\n\n\n<p><strong>3. Cookies<\/strong><br>Um den Besuch unserer Webseite attraktiv zu gestalten und die Nutzung bestimmter Funktionen zu erm\u00f6glichen, verwenden wir auf verschiedenen Seiten sogenannte Cookies. Hierbei handelt es sich um kleine Textdateien, die auf Ihrem Endger\u00e4t abgelegt werden. Einige der von uns verwendeten Cookies werden nach dem Ende der Browser-Sitzung, also nach Schliessen Ihres Browsers, wieder gel\u00f6scht (sog. Sitzungs-Cookies). Andere Cookies verbleiben auf Ihrem Endger\u00e4t und erm\u00f6glichen uns oder unseren Partnerunternehmen (Cookies von Drittanbietern), Ihren Browser beim n\u00e4chsten Besuch wiederzuerkennen (persistente Cookies). Werden Cookies gesetzt, erheben und verarbeiten diese im individuellen Umfang bestimmte Nutzerinformationen wie Browser- und Standortdaten sowie IP-Adresswerte. Persistente Cookies werden automatisiert nach einer vorgegebenen Dauer gel\u00f6scht, die sich je nach Cookie unterscheiden kann. Teilweise dienen die Cookies dazu, durch Speicherung von Einstellungen den Bestellprozess zu vereinfachen (z.B. Merken des Inhalts eines virtuellen Warenkorbs f\u00fcr einen sp\u00e4teren Besuch auf der Webseite). Sofern durch einzelne von uns implementierte Cookies auch personenbezogene Daten verarbeitet werden, erfolgt die Verarbeitung gem\u00e4ss Art. 6 Abs. 1 lit. b DSGVO entweder zur Durchf\u00fchrung des Vertrages oder gem\u00e4ss Art. 6 Abs. 1 lit. f DSGVO zur Wahrung unserer berechtigten Interessen an der bestm\u00f6glichen Funktionalit\u00e4t der Webseite sowie einer kundenfreundlichen und effektiven Ausgestaltung des Seitenbesuchs.Wir arbeiten unter Umst\u00e4nden mit Werbepartnern zusammen, die uns helfen, unser Internetangebot f\u00fcr Sie interessanter zu gestalten. Zu diesem Zweck werden f\u00fcr diesen Fall bei Ihrem Besuch unserer Webseite auch Cookies von Partnerunternehmen auf Ihrer Festplatte gespeichert (Cookies von Drittanbietern). Bitte beachten Sie, dass Sie Ihren Browser so einstellen k\u00f6nnen, dass Sie \u00fcber das Setzen von Cookies informiert werden und einzeln \u00fcber deren Annahme entscheiden oder die Annahme von Cookies f\u00fcr bestimmte F\u00e4lle oder generell ausschliessen k\u00f6nnen. Jeder Browser unterscheidet sich in der Art, wie er die Cookie-Einstellungen verwaltet. Diese ist in dem Hilfemen\u00fc jedes Browsers beschrieben, welches Ihnen erl\u00e4utert, wie Sie Ihre Cookie-Einstellungen \u00e4ndern k\u00f6nnen. Diese finden Sie f\u00fcr die jeweiligen Browser unter den folgenden Links: Internet Explorer, Firefox, Chrome, Safari oder Opera.<\/p>\n\n\n\n<p><strong>4. Kontaktaufnahme<\/strong><br>Im Rahmen der Kontaktaufnahme mit mir werden personenbezogene Daten erhoben. Rechtsgrundlage f\u00fcr die Verarbeitung der Daten ist unser berechtigtes Interesse an der Beantwortung Ihres Anliegens gem\u00e4ss Art. 6 Abs. 1 lit. f DSGVO. Zielt Ihre Kontaktierung auf den Abschluss eines Vertrages ab, so ist zus\u00e4tzliche Rechtsgrundlage f\u00fcr die Verarbeitung Art. 6 Abs. 1 lit. b DSGVO. Ihre Daten werden nach abschliessender Bearbeitung Ihrer Anfrage gel\u00f6scht, dies ist der Fall, wenn sich aus den Umst\u00e4nden entnehmen l\u00e4sst, dass der betroffene Sachverhalt abschliessend gekl\u00e4rt ist und sofern keine gesetzlichen Aufbewahrungspflichten entgegenstehen.<\/p>\n\n\n\n<p>5<strong>. Webanalysedienste<\/strong><\/p>\n\n\n\n<p><strong>AWStats<\/strong><\/p>\n\n\n\n<p>Um unsere Webseite statistisch auswerten zu k\u00f6nnen, verwenden wir das Programm AWStats. Das Programm ist eine freie Webanalyse-Software. Sie wird zur Auswertung von Logdateien verwendet, die Webserver auf Basis von Besucheranfragen erstellen. Das Programm setzt f\u00fcr die Auswertung keine Cookie-Dateien ein. Die statistische Analyse erfolgt \u00fcber die Logfiles, die auch IP-Adressen enthalten. Diese Daten sind in der Regel nicht bestimmten Personen zuordenbar. Eine Zusammenf\u00fchrung dieser Daten mit anderen Datenquellen wird nicht vorgenommen, die Daten werden zudem nach einer statistischen Auswertung gel\u00f6scht. Im Gegensatz zu anderen Statistikprogrammen werden bei AWStats keine Daten an einen fremden Server \u00fcbermittelt. Das Programm ist auf dem eigenen Server installiert. So wird beispielsweise auch eine \u00dcbertragung von Daten ins Ausland vermieden, da unsere Server sich in der Schweiz (CH) befinden.<\/p>\n\n\n\n<p><strong>Google Analytics<br><\/strong>Diese Webseite benutzt Google Analytics, einen Webanalysedienst der Google LLC, 1600 Amphitheatre Parkway, Mountain View, CA 94043, USA (&#8222;Google&#8220;). Google Analytics verwendet sog. &#8222;Cookies&#8220;, Textdateien, die auf Ihrem Computer gespeichert werden und die eine Analyse der Benutzung der Webseite durch Sie erm\u00f6glichen. Die durch das Cookie erzeugten Informationen \u00fcber Ihre Benutzung dieser Webseite (einschliesslich der gek\u00fcrzten IP-Adresse) werden in der Regel an einen Server von Google in den USA \u00fcbertragen und dort gespeichert. Diese Webseite verwendet Google Analytics ausschliesslich mit der Erweiterung &#8222;_anonymizeIp()&#8220;, die eine Anonymisierung der IP-Adresse durch K\u00fcrzung sicherstellt und eine direkte Personenbeziehbarkeit ausschliesst. Durch die Erweiterung wird Ihre IP-Adresse von Google innerhalb von Mitgliedstaaten der Europ\u00e4ischen Union oder in anderen Vertragsstaaten des Abkommens \u00fcber den Europ\u00e4ischen Wirtschaftsraum zuvor gek\u00fcrzt. Nur in Ausnahmef\u00e4llen wird die volle IP-Adresse an einen Server von Google in den USA \u00fcbertragen und dort gek\u00fcrzt. In diesen Ausnahmef\u00e4llen erfolgt diese Verarbeitung gem\u00e4ss Art. 6 Abs. 1 lit. f DSGVO auf Grundlage unseres berechtigten Interesses an der statistischen Analyse des Nutzerverhaltens zu Optimierungs- und Marketingzwecken. In unserem Auftrag wird Google diese Informationen benutzen, um Ihre Nutzung der Webseite auszuwerten, um Reports \u00fcber die Webseiteaktivit\u00e4ten zusammenzustellen und um weitere mit der Webseitenutzung und der Internetnutzung verbundene Dienstleistungen uns gegen\u00fcber zu erbringen. Die im Rahmen von Google Analytics von Ihrem Browser \u00fcbermittelte IP-Adresse wird nicht mit anderen Daten von Google zusammengef\u00fchrt. Sie k\u00f6nnen die Speicherung der Cookies durch eine entsprechende Einstellung Ihrer Browser-Software verhindern; wir weisen Sie jedoch darauf hin, dass Sie in diesem Fall gegebenenfalls nicht s\u00e4mtliche Funktionen dieser Webseite vollumf\u00e4nglich werden nutzen k\u00f6nnen. Sie k\u00f6nnen dar\u00fcber hinaus die Erfassung der durch das Cookie erzeugten und auf Ihre Nutzung der Webseite bezogenen Daten (inkl. Ihrer IP-Adresse) an Google sowie die Verarbeitung dieser Daten durch Google verhindern, indem Sie das unter dem folgenden&nbsp;<a href=\"https:\/\/tools.google.com\/dlpage\/gaoptout?hl=de\" target=\"_blank\" rel=\"noreferrer noopener\">Link verf\u00fcgbare Browser-Plugin herunterladen und installieren<\/a>. Alternativ zum Browser-Plugin oder innerhalb von Browsern auf mobilen Ger\u00e4ten klicken Sie bitte auf den folgenden Link, um ein Opt-Out-Cookie zu setzen, der die Erfassung durch Google Analytics innerhalb dieser Webseite zuk\u00fcnftig verhindert (dieses Opt-Out-Cookie funktioniert nur in diesem Browser und nur f\u00fcr diese Domain, l\u00f6schen Sie Ihre Cookies in diesem Browser, m\u00fcssen Sie diesen Link erneut klicken):<\/p>\n\n\n\n<p><a href=\"javascript:gaOptout();\">Google Analytics deaktivieren<\/a>.<\/p>\n\n\n\n<p>Google LLC mit Sitz in den USA ist f\u00fcr das us-europ\u00e4ische Datenschutz\u00fcbereinkommen \u201ePrivacy Shield\u201c zertifiziert, welches die Einhaltung des in der EU geltenden Datenschutzniveaus gew\u00e4hrleistet. Diese Webseite verwendet Google Analytics zudem f\u00fcr eine ger\u00e4te\u00fcbergreifende Analyse von Besucherstr\u00f6men, die \u00fcber eine User-ID durchgef\u00fchrt wird. Sie k\u00f6nnen in Ihrem Kundenkonto unter \u201eMeine Daten\u201c, \u201epers\u00f6nliche Daten\u201c die ger\u00e4te\u00fcbergreifende Analyse Ihrer Nutzung deaktivieren. Mehr Informationen zum Umgang mit Nutzerdaten bei Google Analytics finden Sie in der&nbsp;<a href=\"https:\/\/support.google.com\/analytics\/answer\/6004245?hl=de\" target=\"_blank\" rel=\"noreferrer noopener\">Datenschutzerkl\u00e4rung von Google<\/a>.<\/p>\n\n\n\n<p><strong>6. Tools und Sonstiges<\/strong><\/p>\n\n\n\n<p><strong>Fonts.com<\/strong><\/p>\n\n\n\n<p>Unsere Webseite benutzt \u201efonts.com\u201c, einen Schriftarten-Dienst der Linotype GmbH (\u201efonts.com\u201c), Werner-Reimers-Strasse 2-4, 61352 Bad Homburg. Bei jedem Aufruf dieser Website werden zur Darstellung der Texte in einer bestimmten Schriftart Dateien von einem \u201efonts.com\u201c-Server geladen. Dabei kann ihre IP-Adresse an einen Server von \u201efonts.com\u201c \u00fcbertragen werden und im Rahmen des \u00fcblichen Weblogs gespeichert werden. Die Weiterverarbeitung dieser Informationen obliegt \u201efonts.com\u201c, die entsprechenden Bedingungen und Einstellungsm\u00f6glichkeiten entnehmen Sie bitte den Datenschutzhinweisen von \u201efonts.com\u201c.<br><br><strong>7. Rechte des Betroffenen<\/strong><\/p>\n\n\n\n<p>Das geltende Datenschutzrecht gew\u00e4hrt Ihnen gegen\u00fcber dem Verantwortlichen hinsichtlich der Verarbeitung Ihrer personenbezogenen Daten umfassende Betroffenenrechte (Auskunfts- und Interventionsrechte), \u00fcber die wir Sie nachstehend informieren:<\/p>\n\n\n\n<ul><li>Auskunftsrecht gem\u00e4ss Art. 15 DSGVO: Sie haben insbesondere ein Recht auf Auskunft \u00fcber Ihre von uns verarbeiteten personenbezogenen Daten, die Verarbeitungszwecke, die Kategorien der verarbeiteten personenbezogenen Daten, die Empf\u00e4nger oder Kategorien von Empf\u00e4ngern, gegen\u00fcber denen Ihre Daten offengelegt wurden oder werden, die geplante Speicherdauer bzw. die Kriterien f\u00fcr die Festlegung der Speicherdauer, das Bestehen eines Rechts auf Berichtigung, L\u00f6schung, Einschr\u00e4nkung der Verarbeitung, Widerspruch gegen die Verarbeitung, Beschwerde bei einer Aufsichtsbeh\u00f6rde, die Herkunft Ihrer Daten, wenn diese nicht durch uns bei Ihnen erhoben wurden, das Bestehen einer automatisierten Entscheidungsfindung einschliesslich Profiling und ggf. aussagekr\u00e4ftige Informationen \u00fcber die involvierte Logik und die Sie betreffende Tragweite und die angestrebten Auswirkungen einer solchen Verarbeitung, sowie Ihr Recht auf Unterrichtung, welche Garantien gem\u00e4ss Art. 46 DSGVO bei Weiterleitung Ihrer Daten in Drittl\u00e4nder bestehen;<\/li><li>Recht auf Berichtigung gem\u00e4ss Art. 16 DSGVO: Sie haben ein Recht auf unverz\u00fcgliche Berichtigung Sie betreffender unrichtiger Daten und\/oder Vervollst\u00e4ndigung Ihrer bei uns gespeicherten unvollst\u00e4ndigen Daten;<\/li><li>Recht auf L\u00f6schung gem\u00e4ss Art. 17 DSGVO: Sie haben das Recht, die L\u00f6schung Ihrer personenbezogenen Daten bei Vorliegen der Voraussetzungen des Art. 17 Abs. 1 DSGVO zu verlangen. Dieses Recht besteht jedoch insbesondere dann nicht, wenn die Verarbeitung zur Aus\u00fcbung des Rechts auf freie Meinungs\u00e4usserung und Information, zur Erf\u00fcllung einer rechtlichen Verpflichtung, aus Gr\u00fcnden des \u00f6ffentlichen Interesses oder zur Geltendmachung, Aus\u00fcbung oder Verteidigung von Rechtsanspr\u00fcchen erforderlich ist;<\/li><li>Recht auf Einschr\u00e4nkung der Verarbeitung gem\u00e4ss Art. 18 DSGVO: Sie haben das Recht, die Einschr\u00e4nkung der Verarbeitung Ihrer personenbezogenen Daten zu verlangen, solange die von Ihnen bestrittene Richtigkeit Ihrer Daten \u00fcberpr\u00fcft wird, wenn Sie eine L\u00f6schung Ihrer Daten wegen unzul\u00e4ssiger Datenverarbeitung ablehnen und stattdessen die Einschr\u00e4nkung der Verarbeitung Ihrer Daten verlangen, wenn Sie Ihre Daten zur Geltendmachung, Aus\u00fcbung oder Verteidigung von Rechtsanspr\u00fcchen ben\u00f6tigen, nachdem wir diese Daten nach Zweckerreichung nicht mehr ben\u00f6tigen oder wenn Sie Widerspruch aus Gr\u00fcnden Ihrer besonderen Situation eingelegt haben, solange noch nicht feststeht, ob unsere berechtigten Gr\u00fcnde \u00fcberwiegen;<\/li><li>Recht auf Unterrichtung gem\u00e4ss Art. 19 DSGVO: Haben Sie das Recht auf Berichtigung, L\u00f6schung oder Einschr\u00e4nkung der Verarbeitung gegen\u00fcber dem Verantwortlichen geltend gemacht, ist dieser verpflichtet, allen Empf\u00e4ngern, denen die Sie betreffenden personenbezogenen Daten offengelegt wurden, diese Berichtigung oder L\u00f6schung der Daten oder Einschr\u00e4nkung der Verarbeitung mitzuteilen, es sei denn, dies erweist sich als unm\u00f6glich oder ist mit einem unverh\u00e4ltnism\u00e4ssigen Aufwand verbunden. Ihnen steht das Recht zu, \u00fcber diese Empf\u00e4nger unterrichtet zu werden.<\/li><li>Recht auf Daten\u00fcbertragbarkeit gem\u00e4ss Art. 20 DSGVO: Sie haben das Recht, Ihre personenbezogenen Daten, die Sie uns bereitgestellt haben, in einem strukturierten, g\u00e4ngigen und maschinenlesebaren Format zu erhalten oder die \u00dcbermittlung an einen anderen Verantwortlichen zu verlangen, soweit dies technisch machbar ist;<\/li><li>Recht auf Widerruf erteilter Einwilligungen gem\u00e4ss Art. 7 Abs. 3 DSGVO: Sie haben das Recht, eine einmal erteilte Einwilligung in die Verarbeitung von Daten jederzeit mit Wirkung f\u00fcr die Zukunft zu widerrufen. Im Falle des Widerrufs werden wir die betroffenen Daten unverz\u00fcglich l\u00f6schen, sofern eine weitere Verarbeitung nicht auf eine Rechtsgrundlage zur einwilligungslosen Verarbeitung gest\u00fctzt werden kann. Durch den Widerruf der Einwilligung wird die Rechtm\u00e4ssigkeit der aufgrund der Einwilligung bis zum Widerruf erfolgten Verarbeitung nicht ber\u00fchrt;<\/li><li>Recht auf Beschwerde gem\u00e4ss Art. 77 DSGVO: Wenn Sie der Ansicht sind, dass die Verarbeitung der Sie betreffenden personenbezogenen Daten gegen die DSGVO verst\u00f6sst, haben Sie &#8211; unbeschadet eines anderweitigen verwaltungsrechtlichen oder gerichtlichen Rechtsbehelfs &#8211; das Recht auf Beschwerde bei einer Aufsichtsbeh\u00f6rde, insbesondere in dem Mitgliedstaat Ihres Aufenthaltsortes, Ihres Arbeitsplatzes oder des Ortes des mutmasslichen Verstosses.<\/li><\/ul>\n\n\n\n<p>8<strong>. Dauer der Speicherung personenbezogener Daten<\/strong><br>Die Dauer der Speicherung von personenbezogenen Daten bemisst sich anhand der jeweiligen gesetzlichen Aufbewahrungsfrist (z.B. handels- und steuerrechtliche Aufbewahrungsfristen). Nach Ablauf der Frist werden die entsprechenden Daten routinem\u00e4ssig gel\u00f6scht, sofern sie nicht mehr zur Vertragserf\u00fcllung oder Vertragsanbahnung erforderlich sind und\/oder unsererseits kein berechtigtes Interesse an der Weiterspeicherung fortbesteht.<\/p>\n\n\n\n<p><\/p>\n","protected":false},"excerpt":{"rendered":"<p>1. Information \u00fcber die Erhebung personenbezogener Daten und Kontaktdaten des Verantwortlichen 1.1 Ich freue mich, dass Sie meine Webseite besuchen und bedanken mich f\u00fcr Ihr Interesse. Im Folgenden informieren ich Sie \u00fcber den Umgang mit Ihren personenbezogenen Daten bei Nutzung unserer Webseite. Personenbezogene Daten sind hierbei alle Daten, mit denen Sie pers\u00f6nlich identifiziert werden k\u00f6nnen. [&hellip;]<\/p>\n","protected":false},"author":1,"featured_media":0,"parent":39,"menu_order":1,"comment_status":"closed","ping_status":"closed","template":"","meta":[],"yoast_head":"<!-- This site is optimized with the Yoast SEO plugin v16.2 - https:\/\/yoast.com\/wordpress\/plugins\/seo\/ -->\n<title>Datenschutz - medmassage.ch<\/title>\n<meta name=\"robots\" content=\"index, follow, max-snippet:-1, max-image-preview:large, max-video-preview:-1\" \/>\n<link rel=\"canonical\" href=\"https:\/\/medmassage.ch\/wpcms\/agb\/datenschutz\/\" \/>\n<meta property=\"og:locale\" content=\"de_DE\" \/>\n<meta property=\"og:type\" content=\"article\" \/>\n<meta property=\"og:title\" content=\"Datenschutz - medmassage.ch\" \/>\n<meta property=\"og:description\" content=\"1. Information \u00fcber die Erhebung personenbezogener Daten und Kontaktdaten des Verantwortlichen 1.1 Ich freue mich, dass Sie meine Webseite besuchen und bedanken mich f\u00fcr Ihr Interesse. Im Folgenden informieren ich Sie \u00fcber den Umgang mit Ihren personenbezogenen Daten bei Nutzung unserer Webseite. Personenbezogene Daten sind hierbei alle Daten, mit denen Sie pers\u00f6nlich identifiziert werden k\u00f6nnen. [&hellip;]\" \/>\n<meta property=\"og:url\" content=\"https:\/\/medmassage.ch\/wpcms\/agb\/datenschutz\/\" \/>\n<meta property=\"og:site_name\" content=\"medmassage.ch\" \/>\n<meta property=\"article:modified_time\" content=\"2020-11-12T12:30:40+00:00\" \/>\n<meta name=\"twitter:card\" content=\"summary_large_image\" \/>\n<meta name=\"twitter:label1\" content=\"Gesch\u00e4tzte Lesezeit\">\n\t<meta name=\"twitter:data1\" content=\"10\u00a0Minuten\">\n<script type=\"application\/ld+json\" class=\"yoast-schema-graph\">{\"@context\":\"https:\/\/schema.org\",\"@graph\":[{\"@type\":\"WebSite\",\"@id\":\"https:\/\/medmassage.ch\/wpcms\/#website\",\"url\":\"https:\/\/medmassage.ch\/wpcms\/\",\"name\":\"medmassage.ch\",\"description\":\"Gesundheitspraxis Nicole David\",\"potentialAction\":[{\"@type\":\"SearchAction\",\"target\":\"https:\/\/medmassage.ch\/wpcms\/?s={search_term_string}\",\"query-input\":\"required name=search_term_string\"}],\"inLanguage\":\"de\"},{\"@type\":\"WebPage\",\"@id\":\"https:\/\/medmassage.ch\/wpcms\/agb\/datenschutz\/#webpage\",\"url\":\"https:\/\/medmassage.ch\/wpcms\/agb\/datenschutz\/\",\"name\":\"Datenschutz - medmassage.ch\",\"isPartOf\":{\"@id\":\"https:\/\/medmassage.ch\/wpcms\/#website\"},\"datePublished\":\"2020-09-04T12:52:46+00:00\",\"dateModified\":\"2020-11-12T12:30:40+00:00\",\"breadcrumb\":{\"@id\":\"https:\/\/medmassage.ch\/wpcms\/agb\/datenschutz\/#breadcrumb\"},\"inLanguage\":\"de\",\"potentialAction\":[{\"@type\":\"ReadAction\",\"target\":[\"https:\/\/medmassage.ch\/wpcms\/agb\/datenschutz\/\"]}]},{\"@type\":\"BreadcrumbList\",\"@id\":\"https:\/\/medmassage.ch\/wpcms\/agb\/datenschutz\/#breadcrumb\",\"itemListElement\":[{\"@type\":\"ListItem\",\"position\":1,\"item\":{\"@type\":\"WebPage\",\"@id\":\"https:\/\/medmassage.ch\/wpcms\/\",\"url\":\"https:\/\/medmassage.ch\/wpcms\/\",\"name\":\"Startseite\"}},{\"@type\":\"ListItem\",\"position\":2,\"item\":{\"@type\":\"WebPage\",\"@id\":\"https:\/\/medmassage.ch\/wpcms\/agb\/\",\"url\":\"https:\/\/medmassage.ch\/wpcms\/agb\/\",\"name\":\"AGB\"}},{\"@type\":\"ListItem\",\"position\":3,\"item\":{\"@id\":\"https:\/\/medmassage.ch\/wpcms\/agb\/datenschutz\/#webpage\"}}]}]}<\/script>\n<!-- \/ Yoast SEO plugin. -->","_links":{"self":[{"href":"https:\/\/medmassage.ch\/wpcms\/wp-json\/wp\/v2\/pages\/1820"}],"collection":[{"href":"https:\/\/medmassage.ch\/wpcms\/wp-json\/wp\/v2\/pages"}],"about":[{"href":"https:\/\/medmassage.ch\/wpcms\/wp-json\/wp\/v2\/types\/page"}],"author":[{"embeddable":true,"href":"https:\/\/medmassage.ch\/wpcms\/wp-json\/wp\/v2\/users\/1"}],"replies":[{"embeddable":true,"href":"https:\/\/medmassage.ch\/wpcms\/wp-json\/wp\/v2\/comments?post=1820"}],"version-history":[{"count":2,"href":"https:\/\/medmassage.ch\/wpcms\/wp-json\/wp\/v2\/pages\/1820\/revisions"}],"predecessor-version":[{"id":1822,"href":"https:\/\/medmassage.ch\/wpcms\/wp-json\/wp\/v2\/pages\/1820\/revisions\/1822"}],"up":[{"embeddable":true,"href":"https:\/\/medmassage.ch\/wpcms\/wp-json\/wp\/v2\/pages\/39"}],"wp:attachment":[{"href":"https:\/\/medmassage.ch\/wpcms\/wp-json\/wp\/v2\/media?parent=1820"}],"curies":[{"name":"wp","href":"https:\/\/api.w.org\/{rel}","templated":true}]}}