{"id":45,"date":"2018-01-18T13:49:50","date_gmt":"2018-01-18T13:49:50","guid":{"rendered":"http:\/\/www.praxis-canziani.ch\/?page_id=45"},"modified":"2020-10-20T15:02:15","modified_gmt":"2020-10-20T15:02:15","slug":"lymphdrainage","status":"publish","type":"page","link":"https:\/\/medmassage.ch\/wpcms\/massagen\/lymphdrainage\/","title":{"rendered":"Lymphdrainage"},"content":{"rendered":"<div id=\"contenttextgrow\">\n<h1 class=\"item-page\">Manuelle Lymphdrainage<\/h1>\n<p class=\"item-page\">Die Manuelle Lymphdrainage ist eine sehr sanfte Behandlung, welche dank weicher Pumpbewegungen entlang der Lymphbahnen f\u00fcr einen besseren Abfluss der angestauten Gewebsfl\u00fcssigkeit sorgt. Belastende Stoffwechselendprodukte werden aus dem Gewebe abtransportiert und vom K\u00f6rper ausgeschieden. Das Gewebe wird entgiftet, das Immunsystem gest\u00e4rkt.<\/p>\n<\/div>\n<p id=\"footer\">\n","protected":false},"excerpt":{"rendered":"<p>Manuelle Lymphdrainage Die Manuelle Lymphdrainage ist eine sehr sanfte Behandlung, welche dank weicher Pumpbewegungen entlang der Lymphbahnen f\u00fcr einen besseren Abfluss der angestauten Gewebsfl\u00fcssigkeit sorgt. Belastende Stoffwechselendprodukte werden aus dem Gewebe abtransportiert und vom K\u00f6rper ausgeschieden. Das Gewebe wird entgiftet, das Immunsystem gest\u00e4rkt.<\/p>\n","protected":false},"author":1,"featured_media":0,"parent":41,"menu_order":2,"comment_status":"closed","ping_status":"closed","template":"","meta":[],"yoast_head":"<!-- This site is optimized with the Yoast SEO plugin v16.2 - https:\/\/yoast.com\/wordpress\/plugins\/seo\/ -->\n<title>Lymphdrainage - medmassage.ch<\/title>\n<meta name=\"robots\" content=\"index, follow, max-snippet:-1, max-image-preview:large, max-video-preview:-1\" \/>\n<link rel=\"canonical\" href=\"https:\/\/medmassage.ch\/wpcms\/massagen\/lymphdrainage\/\" \/>\n<meta property=\"og:locale\" content=\"de_DE\" \/>\n<meta property=\"og:type\" content=\"article\" \/>\n<meta property=\"og:title\" content=\"Lymphdrainage - medmassage.ch\" \/>\n<meta property=\"og:description\" content=\"Manuelle Lymphdrainage Die Manuelle Lymphdrainage ist eine sehr sanfte Behandlung, welche dank weicher Pumpbewegungen entlang der Lymphbahnen f\u00fcr einen besseren Abfluss der angestauten Gewebsfl\u00fcssigkeit sorgt. Belastende Stoffwechselendprodukte werden aus dem Gewebe abtransportiert und vom K\u00f6rper ausgeschieden. Das Gewebe wird entgiftet, das Immunsystem gest\u00e4rkt.\" \/>\n<meta property=\"og:url\" content=\"https:\/\/medmassage.ch\/wpcms\/massagen\/lymphdrainage\/\" \/>\n<meta property=\"og:site_name\" content=\"medmassage.ch\" \/>\n<meta property=\"article:modified_time\" content=\"2020-10-20T15:02:15+00:00\" \/>\n<meta name=\"twitter:card\" content=\"summary_large_image\" \/>\n<script type=\"application\/ld+json\" class=\"yoast-schema-graph\">{\"@context\":\"https:\/\/schema.org\",\"@graph\":[{\"@type\":\"WebSite\",\"@id\":\"https:\/\/medmassage.ch\/wpcms\/#website\",\"url\":\"https:\/\/medmassage.ch\/wpcms\/\",\"name\":\"medmassage.ch\",\"description\":\"Gesundheitspraxis Nicole David\",\"potentialAction\":[{\"@type\":\"SearchAction\",\"target\":\"https:\/\/medmassage.ch\/wpcms\/?s={search_term_string}\",\"query-input\":\"required name=search_term_string\"}],\"inLanguage\":\"de\"},{\"@type\":\"WebPage\",\"@id\":\"https:\/\/medmassage.ch\/wpcms\/massagen\/lymphdrainage\/#webpage\",\"url\":\"https:\/\/medmassage.ch\/wpcms\/massagen\/lymphdrainage\/\",\"name\":\"Lymphdrainage - medmassage.ch\",\"isPartOf\":{\"@id\":\"https:\/\/medmassage.ch\/wpcms\/#website\"},\"datePublished\":\"2018-01-18T13:49:50+00:00\",\"dateModified\":\"2020-10-20T15:02:15+00:00\",\"breadcrumb\":{\"@id\":\"https:\/\/medmassage.ch\/wpcms\/massagen\/lymphdrainage\/#breadcrumb\"},\"inLanguage\":\"de\",\"potentialAction\":[{\"@type\":\"ReadAction\",\"target\":[\"https:\/\/medmassage.ch\/wpcms\/massagen\/lymphdrainage\/\"]}]},{\"@type\":\"BreadcrumbList\",\"@id\":\"https:\/\/medmassage.ch\/wpcms\/massagen\/lymphdrainage\/#breadcrumb\",\"itemListElement\":[{\"@type\":\"ListItem\",\"position\":1,\"item\":{\"@type\":\"WebPage\",\"@id\":\"https:\/\/medmassage.ch\/wpcms\/\",\"url\":\"https:\/\/medmassage.ch\/wpcms\/\",\"name\":\"Startseite\"}},{\"@type\":\"ListItem\",\"position\":2,\"item\":{\"@type\":\"WebPage\",\"@id\":\"https:\/\/medmassage.ch\/wpcms\/massagen\/\",\"url\":\"https:\/\/medmassage.ch\/wpcms\/massagen\/\",\"name\":\"Massagen\"}},{\"@type\":\"ListItem\",\"position\":3,\"item\":{\"@id\":\"https:\/\/medmassage.ch\/wpcms\/massagen\/lymphdrainage\/#webpage\"}}]}]}<\/script>\n<!-- \/ Yoast SEO plugin. -->","_links":{"self":[{"href":"https:\/\/medmassage.ch\/wpcms\/wp-json\/wp\/v2\/pages\/45"}],"collection":[{"href":"https:\/\/medmassage.ch\/wpcms\/wp-json\/wp\/v2\/pages"}],"about":[{"href":"https:\/\/medmassage.ch\/wpcms\/wp-json\/wp\/v2\/types\/page"}],"author":[{"embeddable":true,"href":"https:\/\/medmassage.ch\/wpcms\/wp-json\/wp\/v2\/users\/1"}],"replies":[{"embeddable":true,"href":"https:\/\/medmassage.ch\/wpcms\/wp-json\/wp\/v2\/comments?post=45"}],"version-history":[{"count":27,"href":"https:\/\/medmassage.ch\/wpcms\/wp-json\/wp\/v2\/pages\/45\/revisions"}],"predecessor-version":[{"id":1992,"href":"https:\/\/medmassage.ch\/wpcms\/wp-json\/wp\/v2\/pages\/45\/revisions\/1992"}],"up":[{"embeddable":true,"href":"https:\/\/medmassage.ch\/wpcms\/wp-json\/wp\/v2\/pages\/41"}],"wp:attachment":[{"href":"https:\/\/medmassage.ch\/wpcms\/wp-json\/wp\/v2\/media?parent=45"}],"curies":[{"name":"wp","href":"https:\/\/api.w.org\/{rel}","templated":true}]}}