{"id":47,"date":"2018-01-18T14:32:24","date_gmt":"2018-01-18T14:32:24","guid":{"rendered":"http:\/\/www.praxis-canziani.ch\/?page_id=47"},"modified":"2020-12-03T11:51:02","modified_gmt":"2020-12-03T11:51:02","slug":"bindegewebsmassage","status":"publish","type":"page","link":"https:\/\/medmassage.ch\/wpcms\/massagen\/bindegewebsmassage\/","title":{"rendered":"Bindegewebsmassage"},"content":{"rendered":"<h1>Bindegewebsmassage<\/h1>\n<p>Die Bindegewebsmassage ist eine segmentale, reflektorische, \u00fcber Nervenbahnen wirkende Behandlung, welche vorwiegend bei Verkrampfungen (Spasmen) innerer Organe und funktionellen St\u00f6rungen angewendet wird. Sie wirkt krampfl\u00f6send und ausgleichend auf das vegetative Nervensystem.<\/p>\n","protected":false},"excerpt":{"rendered":"<p>Bindegewebsmassage Die Bindegewebsmassage ist eine segmentale, reflektorische, \u00fcber Nervenbahnen wirkende Behandlung, welche vorwiegend bei Verkrampfungen (Spasmen) innerer Organe und funktionellen St\u00f6rungen angewendet wird. Sie wirkt krampfl\u00f6send und ausgleichend auf das vegetative Nervensystem.<\/p>\n","protected":false},"author":1,"featured_media":0,"parent":41,"menu_order":3,"comment_status":"closed","ping_status":"closed","template":"","meta":[],"yoast_head":"<!-- This site is optimized with the Yoast SEO plugin v16.2 - https:\/\/yoast.com\/wordpress\/plugins\/seo\/ -->\n<title>Bindegewebsmassage - medmassage.ch<\/title>\n<meta name=\"robots\" content=\"index, follow, max-snippet:-1, max-image-preview:large, max-video-preview:-1\" \/>\n<link rel=\"canonical\" href=\"https:\/\/medmassage.ch\/wpcms\/massagen\/bindegewebsmassage\/\" \/>\n<meta property=\"og:locale\" content=\"de_DE\" \/>\n<meta property=\"og:type\" content=\"article\" \/>\n<meta property=\"og:title\" content=\"Bindegewebsmassage - medmassage.ch\" \/>\n<meta property=\"og:description\" content=\"Bindegewebsmassage Die Bindegewebsmassage ist eine segmentale, reflektorische, \u00fcber Nervenbahnen wirkende Behandlung, welche vorwiegend bei Verkrampfungen (Spasmen) innerer Organe und funktionellen St\u00f6rungen angewendet wird. Sie wirkt krampfl\u00f6send und ausgleichend auf das vegetative Nervensystem.\" \/>\n<meta property=\"og:url\" content=\"https:\/\/medmassage.ch\/wpcms\/massagen\/bindegewebsmassage\/\" \/>\n<meta property=\"og:site_name\" content=\"medmassage.ch\" \/>\n<meta property=\"article:modified_time\" content=\"2020-12-03T11:51:02+00:00\" \/>\n<meta name=\"twitter:card\" content=\"summary_large_image\" \/>\n<script type=\"application\/ld+json\" class=\"yoast-schema-graph\">{\"@context\":\"https:\/\/schema.org\",\"@graph\":[{\"@type\":\"WebSite\",\"@id\":\"https:\/\/medmassage.ch\/wpcms\/#website\",\"url\":\"https:\/\/medmassage.ch\/wpcms\/\",\"name\":\"medmassage.ch\",\"description\":\"Gesundheitspraxis Nicole David\",\"potentialAction\":[{\"@type\":\"SearchAction\",\"target\":\"https:\/\/medmassage.ch\/wpcms\/?s={search_term_string}\",\"query-input\":\"required name=search_term_string\"}],\"inLanguage\":\"de\"},{\"@type\":\"WebPage\",\"@id\":\"https:\/\/medmassage.ch\/wpcms\/massagen\/bindegewebsmassage\/#webpage\",\"url\":\"https:\/\/medmassage.ch\/wpcms\/massagen\/bindegewebsmassage\/\",\"name\":\"Bindegewebsmassage - medmassage.ch\",\"isPartOf\":{\"@id\":\"https:\/\/medmassage.ch\/wpcms\/#website\"},\"datePublished\":\"2018-01-18T14:32:24+00:00\",\"dateModified\":\"2020-12-03T11:51:02+00:00\",\"breadcrumb\":{\"@id\":\"https:\/\/medmassage.ch\/wpcms\/massagen\/bindegewebsmassage\/#breadcrumb\"},\"inLanguage\":\"de\",\"potentialAction\":[{\"@type\":\"ReadAction\",\"target\":[\"https:\/\/medmassage.ch\/wpcms\/massagen\/bindegewebsmassage\/\"]}]},{\"@type\":\"BreadcrumbList\",\"@id\":\"https:\/\/medmassage.ch\/wpcms\/massagen\/bindegewebsmassage\/#breadcrumb\",\"itemListElement\":[{\"@type\":\"ListItem\",\"position\":1,\"item\":{\"@type\":\"WebPage\",\"@id\":\"https:\/\/medmassage.ch\/wpcms\/\",\"url\":\"https:\/\/medmassage.ch\/wpcms\/\",\"name\":\"Startseite\"}},{\"@type\":\"ListItem\",\"position\":2,\"item\":{\"@type\":\"WebPage\",\"@id\":\"https:\/\/medmassage.ch\/wpcms\/massagen\/\",\"url\":\"https:\/\/medmassage.ch\/wpcms\/massagen\/\",\"name\":\"Massagen\"}},{\"@type\":\"ListItem\",\"position\":3,\"item\":{\"@id\":\"https:\/\/medmassage.ch\/wpcms\/massagen\/bindegewebsmassage\/#webpage\"}}]}]}<\/script>\n<!-- \/ Yoast SEO plugin. -->","_links":{"self":[{"href":"https:\/\/medmassage.ch\/wpcms\/wp-json\/wp\/v2\/pages\/47"}],"collection":[{"href":"https:\/\/medmassage.ch\/wpcms\/wp-json\/wp\/v2\/pages"}],"about":[{"href":"https:\/\/medmassage.ch\/wpcms\/wp-json\/wp\/v2\/types\/page"}],"author":[{"embeddable":true,"href":"https:\/\/medmassage.ch\/wpcms\/wp-json\/wp\/v2\/users\/1"}],"replies":[{"embeddable":true,"href":"https:\/\/medmassage.ch\/wpcms\/wp-json\/wp\/v2\/comments?post=47"}],"version-history":[{"count":10,"href":"https:\/\/medmassage.ch\/wpcms\/wp-json\/wp\/v2\/pages\/47\/revisions"}],"predecessor-version":[{"id":2066,"href":"https:\/\/medmassage.ch\/wpcms\/wp-json\/wp\/v2\/pages\/47\/revisions\/2066"}],"up":[{"embeddable":true,"href":"https:\/\/medmassage.ch\/wpcms\/wp-json\/wp\/v2\/pages\/41"}],"wp:attachment":[{"href":"https:\/\/medmassage.ch\/wpcms\/wp-json\/wp\/v2\/media?parent=47"}],"curies":[{"name":"wp","href":"https:\/\/api.w.org\/{rel}","templated":true}]}}