{"id":94,"date":"2018-01-18T15:08:04","date_gmt":"2018-01-18T15:08:04","guid":{"rendered":"http:\/\/www.praxis-canziani.ch\/?page_id=94"},"modified":"2021-12-17T15:02:30","modified_gmt":"2021-12-17T15:02:30","slug":"kontakt","status":"publish","type":"page","link":"https:\/\/medmassage.ch\/wpcms\/kontakt\/","title":{"rendered":"Kontakt"},"content":{"rendered":"<div id=\"c287\" class=\"csc-default\">\n<header class=\"csc-header csc-header-n1\">\n<h2 class=\"site-title\">Gesundheitspraxis Nicole David<\/h2>\n<p><strong>Seetalstrasse 2<\/strong><br \/>\n<b style=\"font-size: inherit;\"><\/b><b style=\"font-size: inherit;\">5703 Seon<br \/>\n<\/b><b style=\"font-size: inherit;\">062 775 33 09<\/b><\/p>\n<\/header>\n<\/div>\n<div id=\"c288\" class=\"csc-default\">\n<article>Mir liegt viel am pers\u00f6nlichen Kontakt, weshalb ich um Verst\u00e4ndnis daf\u00fcr bitte, dass ich keine Mailadresse f\u00fcr Kundenbelange anbiete. Gerne nehme ich Ihre Anfragen telefonisch entgegen.<\/p>\n<\/article>\n<p>Herzlichen Dank!<\/p>\n<\/div>\n","protected":false},"excerpt":{"rendered":"<p>Gesundheitspraxis Nicole David Seetalstrasse 2 5703 Seon 062 775 33 09 Mir liegt viel am pers\u00f6nlichen Kontakt, weshalb ich um Verst\u00e4ndnis daf\u00fcr bitte, dass ich keine Mailadresse f\u00fcr Kundenbelange anbiete. Gerne nehme ich Ihre Anfragen telefonisch entgegen. Herzlichen Dank!<\/p>\n","protected":false},"author":1,"featured_media":0,"parent":0,"menu_order":7,"comment_status":"closed","ping_status":"closed","template":"","meta":[],"yoast_head":"<!-- This site is optimized with the Yoast SEO plugin v16.2 - https:\/\/yoast.com\/wordpress\/plugins\/seo\/ -->\n<title>Kontakt - medmassage.ch<\/title>\n<meta name=\"robots\" content=\"index, follow, max-snippet:-1, max-image-preview:large, max-video-preview:-1\" \/>\n<link rel=\"canonical\" href=\"https:\/\/medmassage.ch\/wpcms\/kontakt\/\" \/>\n<meta property=\"og:locale\" content=\"de_DE\" \/>\n<meta property=\"og:type\" content=\"article\" \/>\n<meta property=\"og:title\" content=\"Kontakt - medmassage.ch\" \/>\n<meta property=\"og:description\" content=\"Gesundheitspraxis Nicole David Seetalstrasse 2 5703 Seon 062 775 33 09 Mir liegt viel am pers\u00f6nlichen Kontakt, weshalb ich um Verst\u00e4ndnis daf\u00fcr bitte, dass ich keine Mailadresse f\u00fcr Kundenbelange anbiete. Gerne nehme ich Ihre Anfragen telefonisch entgegen. Herzlichen Dank!\" \/>\n<meta property=\"og:url\" content=\"https:\/\/medmassage.ch\/wpcms\/kontakt\/\" \/>\n<meta property=\"og:site_name\" content=\"medmassage.ch\" \/>\n<meta property=\"article:modified_time\" content=\"2021-12-17T15:02:30+00:00\" \/>\n<meta name=\"twitter:card\" content=\"summary_large_image\" \/>\n<meta name=\"twitter:label1\" content=\"Gesch\u00e4tzte Lesezeit\">\n\t<meta name=\"twitter:data1\" content=\"1\u00a0Minute\">\n<script type=\"application\/ld+json\" class=\"yoast-schema-graph\">{\"@context\":\"https:\/\/schema.org\",\"@graph\":[{\"@type\":\"WebSite\",\"@id\":\"https:\/\/medmassage.ch\/wpcms\/#website\",\"url\":\"https:\/\/medmassage.ch\/wpcms\/\",\"name\":\"medmassage.ch\",\"description\":\"Gesundheitspraxis Nicole David\",\"potentialAction\":[{\"@type\":\"SearchAction\",\"target\":\"https:\/\/medmassage.ch\/wpcms\/?s={search_term_string}\",\"query-input\":\"required name=search_term_string\"}],\"inLanguage\":\"de\"},{\"@type\":\"WebPage\",\"@id\":\"https:\/\/medmassage.ch\/wpcms\/kontakt\/#webpage\",\"url\":\"https:\/\/medmassage.ch\/wpcms\/kontakt\/\",\"name\":\"Kontakt - medmassage.ch\",\"isPartOf\":{\"@id\":\"https:\/\/medmassage.ch\/wpcms\/#website\"},\"datePublished\":\"2018-01-18T15:08:04+00:00\",\"dateModified\":\"2021-12-17T15:02:30+00:00\",\"breadcrumb\":{\"@id\":\"https:\/\/medmassage.ch\/wpcms\/kontakt\/#breadcrumb\"},\"inLanguage\":\"de\",\"potentialAction\":[{\"@type\":\"ReadAction\",\"target\":[\"https:\/\/medmassage.ch\/wpcms\/kontakt\/\"]}]},{\"@type\":\"BreadcrumbList\",\"@id\":\"https:\/\/medmassage.ch\/wpcms\/kontakt\/#breadcrumb\",\"itemListElement\":[{\"@type\":\"ListItem\",\"position\":1,\"item\":{\"@type\":\"WebPage\",\"@id\":\"https:\/\/medmassage.ch\/wpcms\/\",\"url\":\"https:\/\/medmassage.ch\/wpcms\/\",\"name\":\"Startseite\"}},{\"@type\":\"ListItem\",\"position\":2,\"item\":{\"@id\":\"https:\/\/medmassage.ch\/wpcms\/kontakt\/#webpage\"}}]}]}<\/script>\n<!-- \/ Yoast SEO plugin. -->","_links":{"self":[{"href":"https:\/\/medmassage.ch\/wpcms\/wp-json\/wp\/v2\/pages\/94"}],"collection":[{"href":"https:\/\/medmassage.ch\/wpcms\/wp-json\/wp\/v2\/pages"}],"about":[{"href":"https:\/\/medmassage.ch\/wpcms\/wp-json\/wp\/v2\/types\/page"}],"author":[{"embeddable":true,"href":"https:\/\/medmassage.ch\/wpcms\/wp-json\/wp\/v2\/users\/1"}],"replies":[{"embeddable":true,"href":"https:\/\/medmassage.ch\/wpcms\/wp-json\/wp\/v2\/comments?post=94"}],"version-history":[{"count":10,"href":"https:\/\/medmassage.ch\/wpcms\/wp-json\/wp\/v2\/pages\/94\/revisions"}],"predecessor-version":[{"id":2101,"href":"https:\/\/medmassage.ch\/wpcms\/wp-json\/wp\/v2\/pages\/94\/revisions\/2101"}],"wp:attachment":[{"href":"https:\/\/medmassage.ch\/wpcms\/wp-json\/wp\/v2\/media?parent=94"}],"curies":[{"name":"wp","href":"https:\/\/api.w.org\/{rel}","templated":true}]}}